{"id":1231,"date":"2026-04-14T13:29:51","date_gmt":"2026-04-14T06:29:51","guid":{"rendered":"https:\/\/ninasaigon.com\/?post_type=product&#038;p=1231"},"modified":"2026-04-15T11:07:26","modified_gmt":"2026-04-15T04:07:26","slug":"vay-yuki-linen-pitch-black","status":"publish","type":"product","link":"https:\/\/ninasaigon.com\/en\/product\/vay-yuki-linen-pitch-black\/","title":{"rendered":"V\u00e1y Yuki | Linen | Pitch Black"},"content":{"rendered":"<p>V\u00e1y Yuki c\u00f3 thi\u1ebft k\u1ebf 2 d\u00e2y v\u1edbi l\u1edbp l\u00f3t ng\u1ef1c th\u00e2n tr\u01b0\u1edbc, th\u00e2n sau nh\u00fan nh\u1eb9 \u00f4m tr\u1ecdn b\u00f3ng l\u01b0ng m\u1ea3nh mai c\u1ee7a b\u1ea1n. S\u1eed d\u1ee5ng ch\u1ea5t li\u1ec7u Linen cao c\u1ea5p (Pure premium Linen) \u0111\u1ecbnh l\u01b0\u1ee3ng d\u00e0y d\u1eb7n \u0111\u00e3 \u0111\u01b0\u1ee3c x\u1eed l\u00ed m\u1ec1m m\u1ea1i, x\u1ebb t\u00e0 2 b\u00ean s\u01b0\u1eddn k\u1ebft h\u1ee3p c\u1eaft ch\u00e9o s\u1edb v\u1ea3i, Yuki b\u1ed3ng b\u1ec1nh v\u00e0 duy\u00ean d\u00e1ng c\u00f9ng b\u1ea1n.<\/p>\n","protected":false},"excerpt":{"rendered":"<p>V\u00e1y Yuki c\u00f3 thi\u1ebft k\u1ebf 2 d\u00e2y v\u1edbi l\u1edbp l\u00f3t ng\u1ef1c th\u00e2n tr\u01b0\u1edbc, th\u00e2n sau nh\u00fan nh\u1eb9 \u00f4m tr\u1ecdn b\u00f3ng l\u01b0ng m\u1ea3nh mai c\u1ee7a b\u1ea1n. S\u1eed d\u1ee5ng ch\u1ea5t li\u1ec7u Linen cao c\u1ea5p (Pure premium Linen) \u0111\u1ecbnh l\u01b0\u1ee3ng d\u00e0y d\u1eb7n \u0111\u00e3 \u0111\u01b0\u1ee3c x\u1eed l\u00ed m\u1ec1m m\u1ea1i, x\u1ebb t\u00e0 2 b\u00ean s\u01b0\u1eddn k\u1ebft h\u1ee3p c\u1eaft ch\u00e9o s\u1edb [&hellip;]<\/p>\n","protected":false},"featured_media":1290,"template":"","meta":{"_acf_changed":false,"inline_featured_image":false},"product_brand":[],"product_cat":[79,90,479,76],"product_tag":[],"class_list":{"0":"post-1231","1":"product","2":"type-product","3":"status-publish","4":"has-post-thumbnail","6":"product_cat-danh-cho-nu","7":"product_cat-tat-ca-san-pham","8":"product_cat-the-bloom-collection","9":"product_cat-vay","11":"first","12":"instock","13":"shipping-taxable","14":"purchasable","15":"product-type-variable"},"acf":[],"yoast_head":"<!-- This site is optimized with the Yoast SEO plugin v26.8 - https:\/\/yoast.com\/product\/yoast-seo-wordpress\/ -->\n<title>V\u00e1y Yuki | Linen | Pitch Black - Nina Saigon<\/title>\n<meta name=\"description\" content=\"V\u00e1y Yuki c\u00f3 thi\u1ebft k\u1ebf 2 d\u00e2y v\u1edbi l\u1edbp l\u00f3t ng\u1ef1c th\u00e2n tr\u01b0\u1edbc, th\u00e2n sau nh\u00fan nh\u1eb9 \u00f4m tr\u1ecdn b\u00f3ng l\u01b0ng m\u1ea3nh mai c\u1ee7a b\u1ea1n. S\u1eed d\u1ee5ng ch\u1ea5t li\u1ec7u Linen cao c\u1ea5p (Pure premium Linen) \u0111\u1ecbnh l\u01b0\u1ee3ng d\u00e0y d\u1eb7n \u0111\u00e3 \u0111\u01b0\u1ee3c x\u1eed l\u00ed m\u1ec1m m\u1ea1i, x\u1ebb t\u00e0 2 b\u00ean s\u01b0\u1eddn k\u1ebft h\u1ee3p c\u1eaft ch\u00e9o s\u1edb v\u1ea3i, Yuki b\u1ed3ng b\u1ec1nh v\u00e0 duy\u00ean d\u00e1ng c\u00f9ng b\u1ea1n.\" \/>\n<meta name=\"robots\" content=\"index, follow, max-snippet:-1, max-image-preview:large, max-video-preview:-1\" \/>\n<link rel=\"canonical\" href=\"https:\/\/ninasaigon.com\/product\/vay-yuki-linen-pitch-black\/\" \/>\n<meta property=\"og:locale\" content=\"en_US\" \/>\n<meta property=\"og:type\" content=\"article\" \/>\n<meta property=\"og:title\" content=\"V\u00e1y Yuki | Linen | Pitch Black - Nina Saigon\" \/>\n<meta property=\"og:description\" content=\"V\u00e1y Yuki c\u00f3 thi\u1ebft k\u1ebf 2 d\u00e2y v\u1edbi l\u1edbp l\u00f3t ng\u1ef1c th\u00e2n tr\u01b0\u1edbc, th\u00e2n sau nh\u00fan nh\u1eb9 \u00f4m tr\u1ecdn b\u00f3ng l\u01b0ng m\u1ea3nh mai c\u1ee7a b\u1ea1n. S\u1eed d\u1ee5ng ch\u1ea5t li\u1ec7u Linen cao c\u1ea5p (Pure premium Linen) \u0111\u1ecbnh l\u01b0\u1ee3ng d\u00e0y d\u1eb7n \u0111\u00e3 \u0111\u01b0\u1ee3c x\u1eed l\u00ed m\u1ec1m m\u1ea1i, x\u1ebb t\u00e0 2 b\u00ean s\u01b0\u1eddn k\u1ebft h\u1ee3p c\u1eaft ch\u00e9o s\u1edb v\u1ea3i, Yuki b\u1ed3ng b\u1ec1nh v\u00e0 duy\u00ean d\u00e1ng c\u00f9ng b\u1ea1n.\" \/>\n<meta property=\"og:url\" content=\"https:\/\/ninasaigon.com\/product\/vay-yuki-linen-pitch-black\/\" \/>\n<meta property=\"og:site_name\" content=\"Nina Saigon\" \/>\n<meta property=\"article:modified_time\" content=\"2026-04-15T04:07:26+00:00\" \/>\n<meta property=\"og:image\" content=\"https:\/\/ninasaigon.com\/wp-content\/uploads\/2026\/04\/MOMO1156-scaled.jpg\" \/>\n\t<meta property=\"og:image:width\" content=\"1707\" \/>\n\t<meta property=\"og:image:height\" content=\"2560\" \/>\n\t<meta property=\"og:image:type\" content=\"image\/jpeg\" \/>\n<meta name=\"twitter:card\" content=\"summary_large_image\" \/>\n<meta name=\"twitter:label1\" content=\"Est. reading time\" \/>\n\t<meta name=\"twitter:data1\" content=\"1 minute\" \/>\n<script type=\"application\/ld+json\" class=\"yoast-schema-graph\">{\"@context\":\"https:\/\/schema.org\",\"@graph\":[{\"@type\":\"WebPage\",\"@id\":\"https:\/\/ninasaigon.com\/product\/vay-yuki-linen-pitch-black\/\",\"url\":\"https:\/\/ninasaigon.com\/product\/vay-yuki-linen-pitch-black\/\",\"name\":\"V\u00e1y Yuki | Linen | Pitch Black - Nina Saigon\",\"isPartOf\":{\"@id\":\"https:\/\/ninasaigon.com\/#website\"},\"primaryImageOfPage\":{\"@id\":\"https:\/\/ninasaigon.com\/product\/vay-yuki-linen-pitch-black\/#primaryimage\"},\"image\":{\"@id\":\"https:\/\/ninasaigon.com\/product\/vay-yuki-linen-pitch-black\/#primaryimage\"},\"thumbnailUrl\":\"https:\/\/ninasaigon.com\/wp-content\/uploads\/2026\/04\/MOMO1156-scaled.jpg\",\"datePublished\":\"2026-04-14T06:29:51+00:00\",\"dateModified\":\"2026-04-15T04:07:26+00:00\",\"description\":\"V\u00e1y Yuki c\u00f3 thi\u1ebft k\u1ebf 2 d\u00e2y v\u1edbi l\u1edbp l\u00f3t ng\u1ef1c th\u00e2n tr\u01b0\u1edbc, th\u00e2n sau nh\u00fan nh\u1eb9 \u00f4m tr\u1ecdn b\u00f3ng l\u01b0ng m\u1ea3nh mai c\u1ee7a b\u1ea1n. S\u1eed d\u1ee5ng ch\u1ea5t li\u1ec7u Linen cao c\u1ea5p (Pure premium Linen) \u0111\u1ecbnh l\u01b0\u1ee3ng d\u00e0y d\u1eb7n \u0111\u00e3 \u0111\u01b0\u1ee3c x\u1eed l\u00ed m\u1ec1m m\u1ea1i, x\u1ebb t\u00e0 2 b\u00ean s\u01b0\u1eddn k\u1ebft h\u1ee3p c\u1eaft ch\u00e9o s\u1edb v\u1ea3i, Yuki b\u1ed3ng b\u1ec1nh v\u00e0 duy\u00ean d\u00e1ng c\u00f9ng b\u1ea1n.\",\"breadcrumb\":{\"@id\":\"https:\/\/ninasaigon.com\/product\/vay-yuki-linen-pitch-black\/#breadcrumb\"},\"inLanguage\":\"en-US\",\"potentialAction\":[{\"@type\":\"ReadAction\",\"target\":[\"https:\/\/ninasaigon.com\/product\/vay-yuki-linen-pitch-black\/\"]}]},{\"@type\":\"ImageObject\",\"inLanguage\":\"en-US\",\"@id\":\"https:\/\/ninasaigon.com\/product\/vay-yuki-linen-pitch-black\/#primaryimage\",\"url\":\"https:\/\/ninasaigon.com\/wp-content\/uploads\/2026\/04\/MOMO1156-scaled.jpg\",\"contentUrl\":\"https:\/\/ninasaigon.com\/wp-content\/uploads\/2026\/04\/MOMO1156-scaled.jpg\",\"width\":1707,\"height\":2560},{\"@type\":\"BreadcrumbList\",\"@id\":\"https:\/\/ninasaigon.com\/product\/vay-yuki-linen-pitch-black\/#breadcrumb\",\"itemListElement\":[{\"@type\":\"ListItem\",\"position\":1,\"name\":\"Home\",\"item\":\"https:\/\/ninasaigon.com\/en\/\"},{\"@type\":\"ListItem\",\"position\":2,\"name\":\"Shop\",\"item\":\"https:\/\/ninasaigon.com\/en\/shop\/\"},{\"@type\":\"ListItem\",\"position\":3,\"name\":\"V\u00e1y Yuki | Linen | Pitch Black\"}]},{\"@type\":\"WebSite\",\"@id\":\"https:\/\/ninasaigon.com\/#website\",\"url\":\"https:\/\/ninasaigon.com\/\",\"name\":\"Nina Saigon\",\"description\":\"A tale if self-discovery\",\"publisher\":{\"@id\":\"https:\/\/ninasaigon.com\/#organization\"},\"potentialAction\":[{\"@type\":\"SearchAction\",\"target\":{\"@type\":\"EntryPoint\",\"urlTemplate\":\"https:\/\/ninasaigon.com\/?s={search_term_string}\"},\"query-input\":{\"@type\":\"PropertyValueSpecification\",\"valueRequired\":true,\"valueName\":\"search_term_string\"}}],\"inLanguage\":\"en-US\"},{\"@type\":\"Organization\",\"@id\":\"https:\/\/ninasaigon.com\/#organization\",\"name\":\"Nina Saigon\",\"url\":\"https:\/\/ninasaigon.com\/\",\"logo\":{\"@type\":\"ImageObject\",\"inLanguage\":\"en-US\",\"@id\":\"https:\/\/ninasaigon.com\/#\/schema\/logo\/image\/\",\"url\":\"https:\/\/ninasaigon.com\/wp-content\/uploads\/2025\/12\/cropped-logo-scaled-1.png\",\"contentUrl\":\"https:\/\/ninasaigon.com\/wp-content\/uploads\/2025\/12\/cropped-logo-scaled-1.png\",\"width\":512,\"height\":512,\"caption\":\"Nina Saigon\"},\"image\":{\"@id\":\"https:\/\/ninasaigon.com\/#\/schema\/logo\/image\/\"}}]}<\/script>\n<!-- \/ Yoast SEO plugin. -->","yoast_head_json":{"title":"V\u00e1y Yuki | Linen | Pitch Black - Nina Saigon","description":"V\u00e1y Yuki c\u00f3 thi\u1ebft k\u1ebf 2 d\u00e2y v\u1edbi l\u1edbp l\u00f3t ng\u1ef1c th\u00e2n tr\u01b0\u1edbc, th\u00e2n sau nh\u00fan nh\u1eb9 \u00f4m tr\u1ecdn b\u00f3ng l\u01b0ng m\u1ea3nh mai c\u1ee7a b\u1ea1n. S\u1eed d\u1ee5ng ch\u1ea5t li\u1ec7u Linen cao c\u1ea5p (Pure premium Linen) \u0111\u1ecbnh l\u01b0\u1ee3ng d\u00e0y d\u1eb7n \u0111\u00e3 \u0111\u01b0\u1ee3c x\u1eed l\u00ed m\u1ec1m m\u1ea1i, x\u1ebb t\u00e0 2 b\u00ean s\u01b0\u1eddn k\u1ebft h\u1ee3p c\u1eaft ch\u00e9o s\u1edb v\u1ea3i, Yuki b\u1ed3ng b\u1ec1nh v\u00e0 duy\u00ean d\u00e1ng c\u00f9ng b\u1ea1n.","robots":{"index":"index","follow":"follow","max-snippet":"max-snippet:-1","max-image-preview":"max-image-preview:large","max-video-preview":"max-video-preview:-1"},"canonical":"https:\/\/ninasaigon.com\/product\/vay-yuki-linen-pitch-black\/","og_locale":"en_US","og_type":"article","og_title":"V\u00e1y Yuki | Linen | Pitch Black - Nina Saigon","og_description":"V\u00e1y Yuki c\u00f3 thi\u1ebft k\u1ebf 2 d\u00e2y v\u1edbi l\u1edbp l\u00f3t ng\u1ef1c th\u00e2n tr\u01b0\u1edbc, th\u00e2n sau nh\u00fan nh\u1eb9 \u00f4m tr\u1ecdn b\u00f3ng l\u01b0ng m\u1ea3nh mai c\u1ee7a b\u1ea1n. S\u1eed d\u1ee5ng ch\u1ea5t li\u1ec7u Linen cao c\u1ea5p (Pure premium Linen) \u0111\u1ecbnh l\u01b0\u1ee3ng d\u00e0y d\u1eb7n \u0111\u00e3 \u0111\u01b0\u1ee3c x\u1eed l\u00ed m\u1ec1m m\u1ea1i, x\u1ebb t\u00e0 2 b\u00ean s\u01b0\u1eddn k\u1ebft h\u1ee3p c\u1eaft ch\u00e9o s\u1edb v\u1ea3i, Yuki b\u1ed3ng b\u1ec1nh v\u00e0 duy\u00ean d\u00e1ng c\u00f9ng b\u1ea1n.","og_url":"https:\/\/ninasaigon.com\/product\/vay-yuki-linen-pitch-black\/","og_site_name":"Nina Saigon","article_modified_time":"2026-04-15T04:07:26+00:00","og_image":[{"width":1707,"height":2560,"url":"https:\/\/ninasaigon.com\/wp-content\/uploads\/2026\/04\/MOMO1156-scaled.jpg","type":"image\/jpeg"}],"twitter_card":"summary_large_image","twitter_misc":{"Est. reading time":"1 minute"},"schema":{"@context":"https:\/\/schema.org","@graph":[{"@type":"WebPage","@id":"https:\/\/ninasaigon.com\/product\/vay-yuki-linen-pitch-black\/","url":"https:\/\/ninasaigon.com\/product\/vay-yuki-linen-pitch-black\/","name":"V\u00e1y Yuki | Linen | Pitch Black - Nina Saigon","isPartOf":{"@id":"https:\/\/ninasaigon.com\/#website"},"primaryImageOfPage":{"@id":"https:\/\/ninasaigon.com\/product\/vay-yuki-linen-pitch-black\/#primaryimage"},"image":{"@id":"https:\/\/ninasaigon.com\/product\/vay-yuki-linen-pitch-black\/#primaryimage"},"thumbnailUrl":"https:\/\/ninasaigon.com\/wp-content\/uploads\/2026\/04\/MOMO1156-scaled.jpg","datePublished":"2026-04-14T06:29:51+00:00","dateModified":"2026-04-15T04:07:26+00:00","description":"V\u00e1y Yuki c\u00f3 thi\u1ebft k\u1ebf 2 d\u00e2y v\u1edbi l\u1edbp l\u00f3t ng\u1ef1c th\u00e2n tr\u01b0\u1edbc, th\u00e2n sau nh\u00fan nh\u1eb9 \u00f4m tr\u1ecdn b\u00f3ng l\u01b0ng m\u1ea3nh mai c\u1ee7a b\u1ea1n. S\u1eed d\u1ee5ng ch\u1ea5t li\u1ec7u Linen cao c\u1ea5p (Pure premium Linen) \u0111\u1ecbnh l\u01b0\u1ee3ng d\u00e0y d\u1eb7n \u0111\u00e3 \u0111\u01b0\u1ee3c x\u1eed l\u00ed m\u1ec1m m\u1ea1i, x\u1ebb t\u00e0 2 b\u00ean s\u01b0\u1eddn k\u1ebft h\u1ee3p c\u1eaft ch\u00e9o s\u1edb v\u1ea3i, Yuki b\u1ed3ng b\u1ec1nh v\u00e0 duy\u00ean d\u00e1ng c\u00f9ng b\u1ea1n.","breadcrumb":{"@id":"https:\/\/ninasaigon.com\/product\/vay-yuki-linen-pitch-black\/#breadcrumb"},"inLanguage":"en-US","potentialAction":[{"@type":"ReadAction","target":["https:\/\/ninasaigon.com\/product\/vay-yuki-linen-pitch-black\/"]}]},{"@type":"ImageObject","inLanguage":"en-US","@id":"https:\/\/ninasaigon.com\/product\/vay-yuki-linen-pitch-black\/#primaryimage","url":"https:\/\/ninasaigon.com\/wp-content\/uploads\/2026\/04\/MOMO1156-scaled.jpg","contentUrl":"https:\/\/ninasaigon.com\/wp-content\/uploads\/2026\/04\/MOMO1156-scaled.jpg","width":1707,"height":2560},{"@type":"BreadcrumbList","@id":"https:\/\/ninasaigon.com\/product\/vay-yuki-linen-pitch-black\/#breadcrumb","itemListElement":[{"@type":"ListItem","position":1,"name":"Home","item":"https:\/\/ninasaigon.com\/en\/"},{"@type":"ListItem","position":2,"name":"Shop","item":"https:\/\/ninasaigon.com\/en\/shop\/"},{"@type":"ListItem","position":3,"name":"V\u00e1y Yuki | Linen | Pitch Black"}]},{"@type":"WebSite","@id":"https:\/\/ninasaigon.com\/#website","url":"https:\/\/ninasaigon.com\/","name":"Nina Saigon","description":"A tale if self-discovery","publisher":{"@id":"https:\/\/ninasaigon.com\/#organization"},"potentialAction":[{"@type":"SearchAction","target":{"@type":"EntryPoint","urlTemplate":"https:\/\/ninasaigon.com\/?s={search_term_string}"},"query-input":{"@type":"PropertyValueSpecification","valueRequired":true,"valueName":"search_term_string"}}],"inLanguage":"en-US"},{"@type":"Organization","@id":"https:\/\/ninasaigon.com\/#organization","name":"Nina Saigon","url":"https:\/\/ninasaigon.com\/","logo":{"@type":"ImageObject","inLanguage":"en-US","@id":"https:\/\/ninasaigon.com\/#\/schema\/logo\/image\/","url":"https:\/\/ninasaigon.com\/wp-content\/uploads\/2025\/12\/cropped-logo-scaled-1.png","contentUrl":"https:\/\/ninasaigon.com\/wp-content\/uploads\/2025\/12\/cropped-logo-scaled-1.png","width":512,"height":512,"caption":"Nina Saigon"},"image":{"@id":"https:\/\/ninasaigon.com\/#\/schema\/logo\/image\/"}}]}},"_links":{"self":[{"href":"https:\/\/ninasaigon.com\/en\/wp-json\/wp\/v2\/product\/1231","targetHints":{"allow":["GET"]}}],"collection":[{"href":"https:\/\/ninasaigon.com\/en\/wp-json\/wp\/v2\/product"}],"about":[{"href":"https:\/\/ninasaigon.com\/en\/wp-json\/wp\/v2\/types\/product"}],"wp:featuredmedia":[{"embeddable":true,"href":"https:\/\/ninasaigon.com\/en\/wp-json\/wp\/v2\/media\/1290"}],"wp:attachment":[{"href":"https:\/\/ninasaigon.com\/en\/wp-json\/wp\/v2\/media?parent=1231"}],"wp:term":[{"taxonomy":"product_brand","embeddable":true,"href":"https:\/\/ninasaigon.com\/en\/wp-json\/wp\/v2\/product_brand?post=1231"},{"taxonomy":"product_cat","embeddable":true,"href":"https:\/\/ninasaigon.com\/en\/wp-json\/wp\/v2\/product_cat?post=1231"},{"taxonomy":"product_tag","embeddable":true,"href":"https:\/\/ninasaigon.com\/en\/wp-json\/wp\/v2\/product_tag?post=1231"}],"curies":[{"name":"wp","href":"https:\/\/api.w.org\/{rel}","templated":true}]}}