{"id":99,"date":"2025-12-13T10:55:01","date_gmt":"2025-12-13T03:55:01","guid":{"rendered":"https:\/\/nina.dotbase.vn\/?page_id=99"},"modified":"2026-04-17T21:22:55","modified_gmt":"2026-04-17T14:22:55","slug":"about-us","status":"publish","type":"page","link":"https:\/\/ninasaigon.com\/en\/about-us\/","title":{"rendered":"La Na"},"content":{"rendered":"<p data-start=\"131\" data-end=\"246\">Based in Saigon \u2014 a city defined by its ever-moving rhythm \u2014 Nina Saigon began its journey in the winter of 2025.<\/p>\n<p data-start=\"131\" data-end=\"246\">Inspired by women and guided by a desire to integrate femininity into everyday life, Nina Saigon presents thoughtfully refined designs, balanced with subtle romanticism and crafted from natural fibre fabrics.<\/p>\n<p data-start=\"131\" data-end=\"246\">Defined by a sense of freedom and quiet elegance, each piece is meticulously designed and precisely tailored, created to be worn with ease across all four seasons.<\/p>\n\n\n<figure class=\"wp-block-image\"><img loading=\"lazy\" decoding=\"async\" width=\"1024\" height=\"683\" src=\"https:\/\/ninasaigon.com\/wp-content\/uploads\/2026\/04\/MOMO2536-1024x683.jpg\" alt=\"ninasaigon-linen\" class=\"wp-image-1536\" srcset=\"https:\/\/ninasaigon.com\/wp-content\/uploads\/2026\/04\/MOMO2536-1024x683.jpg 1024w, https:\/\/ninasaigon.com\/wp-content\/uploads\/2026\/04\/MOMO2536-300x200.jpg 300w, https:\/\/ninasaigon.com\/wp-content\/uploads\/2026\/04\/MOMO2536-768x512.jpg 768w, https:\/\/ninasaigon.com\/wp-content\/uploads\/2026\/04\/MOMO2536-1536x1024.jpg 1536w, https:\/\/ninasaigon.com\/wp-content\/uploads\/2026\/04\/MOMO2536-2048x1365.jpg 2048w, https:\/\/ninasaigon.com\/wp-content\/uploads\/2026\/04\/MOMO2536-1200x800.jpg 1200w, https:\/\/ninasaigon.com\/wp-content\/uploads\/2026\/04\/MOMO2536-1500x1000.jpg 1500w\" sizes=\"auto, (max-width: 1024px) 100vw, 1024px\" \/><\/figure>\n\n\n\n<p><\/p>\n\n\n\n<h2 class=\"wp-block-heading\">A Love Note From Nina Saigon<\/h2>\n\n\n\n<p><p><em>\u201cI began this journey as a way of discovering myself \u2014 a new self, evolving presence in the colourful aspects of life. As my hands moved across each piece of fabric, I felt my own softness reflected back to me. Over time, this quiet connection with dresses has grown deeper, until Nina Saigon became something whenever SHE needs comfort, ease, or reassurance.<\/em><\/p><p data-start=\"513\" data-end=\"846\"><em>Each piece first appears simple, allowing space for familiarity to grow. And as she wears it, delicate details slowly reveal themselves \u2014 small, thoughtful touches that invite her to pause and every element is carefully considered, each intention at Nina Saigon becomes a gentle way for her to tell her own stories. <\/em><\/p><\/p>\n\n\n\n<p><p data-start=\"513\" data-end=\"846\"><em>When a garment offers her freedom, it naturally belongs in every moment and every place she comes through.<\/em><\/p><\/p>\n\n\n\n<p><p data-start=\"513\" data-end=\"846\"><em>Inspired by the calm of Scandinavian minimalism, the natural beauty of linen and silk, and the unhurried rhythm of Saigon, Nina Saigon creates pieces that enhance the beauty of colour and fabric \u2014 quietly refined in form, and softly touched by the spirit of travel.\u201d<\/em><\/p><\/p>\n\n\n\n<p><em>\u2013 <\/em>N.<\/p>\n\n\n\n<figure class=\"wp-block-image size-large\"><img loading=\"lazy\" decoding=\"async\" width=\"1024\" height=\"683\" src=\"https:\/\/ninasaigon.com\/wp-content\/uploads\/2026\/04\/MOMO1763-1024x683.jpg\" alt=\"ninasaigon-linen\" class=\"wp-image-1534\" srcset=\"https:\/\/ninasaigon.com\/wp-content\/uploads\/2026\/04\/MOMO1763-1024x683.jpg 1024w, https:\/\/ninasaigon.com\/wp-content\/uploads\/2026\/04\/MOMO1763-300x200.jpg 300w, https:\/\/ninasaigon.com\/wp-content\/uploads\/2026\/04\/MOMO1763-768x512.jpg 768w, https:\/\/ninasaigon.com\/wp-content\/uploads\/2026\/04\/MOMO1763-1536x1024.jpg 1536w, https:\/\/ninasaigon.com\/wp-content\/uploads\/2026\/04\/MOMO1763-2048x1365.jpg 2048w, https:\/\/ninasaigon.com\/wp-content\/uploads\/2026\/04\/MOMO1763-1200x800.jpg 1200w, https:\/\/ninasaigon.com\/wp-content\/uploads\/2026\/04\/MOMO1763-1500x1000.jpg 1500w\" sizes=\"auto, (max-width: 1024px) 100vw, 1024px\" \/><\/figure>\n","protected":false},"excerpt":{"rendered":"<p>Based in Saigon \u2014 a city defined by its ever-moving rhythm \u2014 Nina Saigon began its journey in the winter of 2025. Inspired by women and guided by a desire to integrate femininity into everyday life, Nina Saigon presents thoughtfully refined designs, balanced with subtle romanticism and crafted from natural fibre fabrics. Defined by a [&hellip;]<\/p>\n","protected":false},"author":1,"featured_media":0,"parent":0,"menu_order":0,"comment_status":"closed","ping_status":"closed","template":"template-about.php","meta":{"_acf_changed":false,"inline_featured_image":false,"footnotes":""},"class_list":["post-99","page","type-page","status-publish","hentry"],"acf":[],"yoast_head":"<!-- This site is optimized with the Yoast SEO plugin v26.8 - https:\/\/yoast.com\/product\/yoast-seo-wordpress\/ -->\n<title>La Na - Nina Saigon<\/title>\n<meta name=\"description\" content=\"Ti\u1ec7m v\u00e1y v\u00f3c \u0111\u01b0\u1ee3c c\u1eaft may t\u1eeb ch\u1ea5t li\u1ec7u c\u00e1c d\u00f2ng s\u1ee3i t\u1ef1 nhi\u00ean nh\u01b0 Linen v\u00e0 Silk \u1edf S\u00e0i G\u00f2n.\" \/>\n<meta name=\"robots\" content=\"index, follow, max-snippet:-1, max-image-preview:large, max-video-preview:-1\" \/>\n<link rel=\"canonical\" href=\"https:\/\/ninasaigon.com\/en\/about-us\/\" \/>\n<meta property=\"og:locale\" content=\"en_US\" \/>\n<meta property=\"og:type\" content=\"article\" \/>\n<meta property=\"og:title\" content=\"La Na - Nina Saigon\" \/>\n<meta property=\"og:description\" content=\"Ti\u1ec7m v\u00e1y v\u00f3c \u0111\u01b0\u1ee3c c\u1eaft may t\u1eeb ch\u1ea5t li\u1ec7u c\u00e1c d\u00f2ng s\u1ee3i t\u1ef1 nhi\u00ean nh\u01b0 Linen v\u00e0 Silk \u1edf S\u00e0i G\u00f2n.\" \/>\n<meta property=\"og:url\" content=\"https:\/\/ninasaigon.com\/en\/about-us\/\" \/>\n<meta property=\"og:site_name\" content=\"Nina Saigon\" \/>\n<meta property=\"article:modified_time\" content=\"2026-04-17T14:22:55+00:00\" \/>\n<meta property=\"og:image\" content=\"https:\/\/ninasaigon.com\/wp-content\/uploads\/2026\/04\/MOMO2536-scaled.jpg\" \/>\n\t<meta property=\"og:image:width\" content=\"2560\" \/>\n\t<meta property=\"og:image:height\" content=\"1707\" \/>\n\t<meta property=\"og:image:type\" content=\"image\/jpeg\" \/>\n<meta name=\"twitter:card\" content=\"summary_large_image\" \/>\n<meta name=\"twitter:label1\" content=\"Est. reading time\" \/>\n\t<meta name=\"twitter:data1\" content=\"2 minutes\" \/>\n<script type=\"application\/ld+json\" class=\"yoast-schema-graph\">{\"@context\":\"https:\/\/schema.org\",\"@graph\":[{\"@type\":\"WebPage\",\"@id\":\"https:\/\/ninasaigon.com\/en\/about-us\/\",\"url\":\"https:\/\/ninasaigon.com\/en\/about-us\/\",\"name\":\"La Na - Nina Saigon\",\"isPartOf\":{\"@id\":\"https:\/\/ninasaigon.com\/#website\"},\"primaryImageOfPage\":{\"@id\":\"https:\/\/ninasaigon.com\/en\/about-us\/#primaryimage\"},\"image\":{\"@id\":\"https:\/\/ninasaigon.com\/en\/about-us\/#primaryimage\"},\"thumbnailUrl\":\"https:\/\/ninasaigon.com\/wp-content\/uploads\/2026\/04\/MOMO2536-1024x683.jpg\",\"datePublished\":\"2025-12-13T03:55:01+00:00\",\"dateModified\":\"2026-04-17T14:22:55+00:00\",\"description\":\"Ti\u1ec7m v\u00e1y v\u00f3c \u0111\u01b0\u1ee3c c\u1eaft may t\u1eeb ch\u1ea5t li\u1ec7u c\u00e1c d\u00f2ng s\u1ee3i t\u1ef1 nhi\u00ean nh\u01b0 Linen v\u00e0 Silk \u1edf S\u00e0i G\u00f2n.\",\"breadcrumb\":{\"@id\":\"https:\/\/ninasaigon.com\/en\/about-us\/#breadcrumb\"},\"inLanguage\":\"en-US\",\"potentialAction\":[{\"@type\":\"ReadAction\",\"target\":[\"https:\/\/ninasaigon.com\/en\/about-us\/\"]}]},{\"@type\":\"ImageObject\",\"inLanguage\":\"en-US\",\"@id\":\"https:\/\/ninasaigon.com\/en\/about-us\/#primaryimage\",\"url\":\"https:\/\/ninasaigon.com\/wp-content\/uploads\/2026\/04\/MOMO2536-1024x683.jpg\",\"contentUrl\":\"https:\/\/ninasaigon.com\/wp-content\/uploads\/2026\/04\/MOMO2536-1024x683.jpg\"},{\"@type\":\"BreadcrumbList\",\"@id\":\"https:\/\/ninasaigon.com\/en\/about-us\/#breadcrumb\",\"itemListElement\":[{\"@type\":\"ListItem\",\"position\":1,\"name\":\"Home\",\"item\":\"https:\/\/ninasaigon.com\/en\/\"},{\"@type\":\"ListItem\",\"position\":2,\"name\":\"La Na\"}]},{\"@type\":\"WebSite\",\"@id\":\"https:\/\/ninasaigon.com\/#website\",\"url\":\"https:\/\/ninasaigon.com\/\",\"name\":\"Nina Saigon\",\"description\":\"A tale if self-discovery\",\"publisher\":{\"@id\":\"https:\/\/ninasaigon.com\/#organization\"},\"potentialAction\":[{\"@type\":\"SearchAction\",\"target\":{\"@type\":\"EntryPoint\",\"urlTemplate\":\"https:\/\/ninasaigon.com\/?s={search_term_string}\"},\"query-input\":{\"@type\":\"PropertyValueSpecification\",\"valueRequired\":true,\"valueName\":\"search_term_string\"}}],\"inLanguage\":\"en-US\"},{\"@type\":\"Organization\",\"@id\":\"https:\/\/ninasaigon.com\/#organization\",\"name\":\"Nina Saigon\",\"url\":\"https:\/\/ninasaigon.com\/\",\"logo\":{\"@type\":\"ImageObject\",\"inLanguage\":\"en-US\",\"@id\":\"https:\/\/ninasaigon.com\/#\/schema\/logo\/image\/\",\"url\":\"https:\/\/ninasaigon.com\/wp-content\/uploads\/2025\/12\/cropped-logo-scaled-1.png\",\"contentUrl\":\"https:\/\/ninasaigon.com\/wp-content\/uploads\/2025\/12\/cropped-logo-scaled-1.png\",\"width\":512,\"height\":512,\"caption\":\"Nina Saigon\"},\"image\":{\"@id\":\"https:\/\/ninasaigon.com\/#\/schema\/logo\/image\/\"}}]}<\/script>\n<!-- \/ Yoast SEO plugin. -->","yoast_head_json":{"title":"La Na - Nina Saigon","description":"Ti\u1ec7m v\u00e1y v\u00f3c \u0111\u01b0\u1ee3c c\u1eaft may t\u1eeb ch\u1ea5t li\u1ec7u c\u00e1c d\u00f2ng s\u1ee3i t\u1ef1 nhi\u00ean nh\u01b0 Linen v\u00e0 Silk \u1edf S\u00e0i G\u00f2n.","robots":{"index":"index","follow":"follow","max-snippet":"max-snippet:-1","max-image-preview":"max-image-preview:large","max-video-preview":"max-video-preview:-1"},"canonical":"https:\/\/ninasaigon.com\/en\/about-us\/","og_locale":"en_US","og_type":"article","og_title":"La Na - Nina Saigon","og_description":"Ti\u1ec7m v\u00e1y v\u00f3c \u0111\u01b0\u1ee3c c\u1eaft may t\u1eeb ch\u1ea5t li\u1ec7u c\u00e1c d\u00f2ng s\u1ee3i t\u1ef1 nhi\u00ean nh\u01b0 Linen v\u00e0 Silk \u1edf S\u00e0i G\u00f2n.","og_url":"https:\/\/ninasaigon.com\/en\/about-us\/","og_site_name":"Nina Saigon","article_modified_time":"2026-04-17T14:22:55+00:00","og_image":[{"width":2560,"height":1707,"url":"https:\/\/ninasaigon.com\/wp-content\/uploads\/2026\/04\/MOMO2536-scaled.jpg","type":"image\/jpeg"}],"twitter_card":"summary_large_image","twitter_misc":{"Est. reading time":"2 minutes"},"schema":{"@context":"https:\/\/schema.org","@graph":[{"@type":"WebPage","@id":"https:\/\/ninasaigon.com\/en\/about-us\/","url":"https:\/\/ninasaigon.com\/en\/about-us\/","name":"La Na - Nina Saigon","isPartOf":{"@id":"https:\/\/ninasaigon.com\/#website"},"primaryImageOfPage":{"@id":"https:\/\/ninasaigon.com\/en\/about-us\/#primaryimage"},"image":{"@id":"https:\/\/ninasaigon.com\/en\/about-us\/#primaryimage"},"thumbnailUrl":"https:\/\/ninasaigon.com\/wp-content\/uploads\/2026\/04\/MOMO2536-1024x683.jpg","datePublished":"2025-12-13T03:55:01+00:00","dateModified":"2026-04-17T14:22:55+00:00","description":"Ti\u1ec7m v\u00e1y v\u00f3c \u0111\u01b0\u1ee3c c\u1eaft may t\u1eeb ch\u1ea5t li\u1ec7u c\u00e1c d\u00f2ng s\u1ee3i t\u1ef1 nhi\u00ean nh\u01b0 Linen v\u00e0 Silk \u1edf S\u00e0i G\u00f2n.","breadcrumb":{"@id":"https:\/\/ninasaigon.com\/en\/about-us\/#breadcrumb"},"inLanguage":"en-US","potentialAction":[{"@type":"ReadAction","target":["https:\/\/ninasaigon.com\/en\/about-us\/"]}]},{"@type":"ImageObject","inLanguage":"en-US","@id":"https:\/\/ninasaigon.com\/en\/about-us\/#primaryimage","url":"https:\/\/ninasaigon.com\/wp-content\/uploads\/2026\/04\/MOMO2536-1024x683.jpg","contentUrl":"https:\/\/ninasaigon.com\/wp-content\/uploads\/2026\/04\/MOMO2536-1024x683.jpg"},{"@type":"BreadcrumbList","@id":"https:\/\/ninasaigon.com\/en\/about-us\/#breadcrumb","itemListElement":[{"@type":"ListItem","position":1,"name":"Home","item":"https:\/\/ninasaigon.com\/en\/"},{"@type":"ListItem","position":2,"name":"La Na"}]},{"@type":"WebSite","@id":"https:\/\/ninasaigon.com\/#website","url":"https:\/\/ninasaigon.com\/","name":"Nina Saigon","description":"A tale if self-discovery","publisher":{"@id":"https:\/\/ninasaigon.com\/#organization"},"potentialAction":[{"@type":"SearchAction","target":{"@type":"EntryPoint","urlTemplate":"https:\/\/ninasaigon.com\/?s={search_term_string}"},"query-input":{"@type":"PropertyValueSpecification","valueRequired":true,"valueName":"search_term_string"}}],"inLanguage":"en-US"},{"@type":"Organization","@id":"https:\/\/ninasaigon.com\/#organization","name":"Nina Saigon","url":"https:\/\/ninasaigon.com\/","logo":{"@type":"ImageObject","inLanguage":"en-US","@id":"https:\/\/ninasaigon.com\/#\/schema\/logo\/image\/","url":"https:\/\/ninasaigon.com\/wp-content\/uploads\/2025\/12\/cropped-logo-scaled-1.png","contentUrl":"https:\/\/ninasaigon.com\/wp-content\/uploads\/2025\/12\/cropped-logo-scaled-1.png","width":512,"height":512,"caption":"Nina Saigon"},"image":{"@id":"https:\/\/ninasaigon.com\/#\/schema\/logo\/image\/"}}]}},"_links":{"self":[{"href":"https:\/\/ninasaigon.com\/en\/wp-json\/wp\/v2\/pages\/99","targetHints":{"allow":["GET"]}}],"collection":[{"href":"https:\/\/ninasaigon.com\/en\/wp-json\/wp\/v2\/pages"}],"about":[{"href":"https:\/\/ninasaigon.com\/en\/wp-json\/wp\/v2\/types\/page"}],"author":[{"embeddable":true,"href":"https:\/\/ninasaigon.com\/en\/wp-json\/wp\/v2\/users\/1"}],"replies":[{"embeddable":true,"href":"https:\/\/ninasaigon.com\/en\/wp-json\/wp\/v2\/comments?post=99"}],"version-history":[{"count":9,"href":"https:\/\/ninasaigon.com\/en\/wp-json\/wp\/v2\/pages\/99\/revisions"}],"predecessor-version":[{"id":1542,"href":"https:\/\/ninasaigon.com\/en\/wp-json\/wp\/v2\/pages\/99\/revisions\/1542"}],"wp:attachment":[{"href":"https:\/\/ninasaigon.com\/en\/wp-json\/wp\/v2\/media?parent=99"}],"curies":[{"name":"wp","href":"https:\/\/api.w.org\/{rel}","templated":true}]}}